{"id":81,"date":"2017-03-24T10:55:40","date_gmt":"2017-03-24T09:55:40","guid":{"rendered":"http:\/\/ameliepineau.fr\/?page_id=81"},"modified":"2017-03-29T17:47:47","modified_gmt":"2017-03-29T15:47:47","slug":"a-propos-de","status":"publish","type":"page","link":"https:\/\/ameliepineau.fr\/?page_id=81","title":{"rendered":"Histoire de style"},"content":{"rendered":"<p>Chaque th\u00e9rapeute a son style et le mien fait la part belle \u00e0 l&rsquo;humour, lorsque c&rsquo;est possible. C&rsquo;est une respiration dans ce qui oppresse, un sourire au milieu des larmes, une aire d&rsquo;atterrissage. C&rsquo;est aussi parfois le seul moyen de nommer avec de la s\u00e9curit\u00e9, ce qui est pr\u00e9sent.<\/p>\n<p>L&rsquo;humour fait partie de mes outils de pr\u00e9dilection en tant que moyen d&rsquo;expression, au m\u00eame titre que la parole directe ou bien des m\u00e9dias comme le dessin ou le chant. J&rsquo;explore avec les suractifs qui souhaiteraient avoir fini avant d&rsquo;avoir commenc\u00e9 comment on fait pour ralentir, avec les hypersensibles comment prendre une place sans fuir sur une \u00eele d\u00e9serte, avec les agit\u00e9s du ciboulot comment on traite un sujet apr\u00e8s l&rsquo;autre, avec les addict du contr\u00f4le comment l\u00e2cher une petite prise, avec les terrifi\u00e9s du lien comment on en tisse, avec les blas\u00e9s de la relation comment on se laisse surprendre, avec les po\u00e8tes comment ils sont \u00e9galement soumis aux lois de la pesanteur&#8230; bref, j&rsquo;accueille aussi les z\u00e8bres.<\/p>\n","protected":false},"excerpt":{"rendered":"<p>Chaque th\u00e9rapeute a son style et le mien fait la part belle \u00e0 l&rsquo;humour, lorsque c&rsquo;est possible. C&rsquo;est une respiration dans ce qui oppresse, un sourire au milieu des larmes, une aire d&rsquo;atterrissage. C&rsquo;est aussi parfois le seul moyen de nommer avec de la s\u00e9curit\u00e9, ce qui est pr\u00e9sent. L&rsquo;humour fait partie de mes outils &hellip; <\/p>\n<p class=\"link-more\"><a href=\"https:\/\/ameliepineau.fr\/?page_id=81\" class=\"more-link\">Continuer la lecture<span class=\"screen-reader-text\"> de &laquo;&nbsp;Histoire de style&nbsp;&raquo;<\/span><\/a><\/p>\n","protected":false},"author":1,"featured_media":137,"parent":0,"menu_order":0,"comment_status":"closed","ping_status":"closed","template":"","meta":{"footnotes":""},"class_list":["post-81","page","type-page","status-publish","has-post-thumbnail","hentry"],"_links":{"self":[{"href":"https:\/\/ameliepineau.fr\/index.php?rest_route=\/wp\/v2\/pages\/81","targetHints":{"allow":["GET"]}}],"collection":[{"href":"https:\/\/ameliepineau.fr\/index.php?rest_route=\/wp\/v2\/pages"}],"about":[{"href":"https:\/\/ameliepineau.fr\/index.php?rest_route=\/wp\/v2\/types\/page"}],"author":[{"embeddable":true,"href":"https:\/\/ameliepineau.fr\/index.php?rest_route=\/wp\/v2\/users\/1"}],"replies":[{"embeddable":true,"href":"https:\/\/ameliepineau.fr\/index.php?rest_route=%2Fwp%2Fv2%2Fcomments&post=81"}],"version-history":[{"count":7,"href":"https:\/\/ameliepineau.fr\/index.php?rest_route=\/wp\/v2\/pages\/81\/revisions"}],"predecessor-version":[{"id":169,"href":"https:\/\/ameliepineau.fr\/index.php?rest_route=\/wp\/v2\/pages\/81\/revisions\/169"}],"wp:featuredmedia":[{"embeddable":true,"href":"https:\/\/ameliepineau.fr\/index.php?rest_route=\/wp\/v2\/media\/137"}],"wp:attachment":[{"href":"https:\/\/ameliepineau.fr\/index.php?rest_route=%2Fwp%2Fv2%2Fmedia&parent=81"}],"curies":[{"name":"wp","href":"https:\/\/api.w.org\/{rel}","templated":true}]}}