{"id":187,"date":"2017-03-29T18:43:55","date_gmt":"2017-03-29T16:43:55","guid":{"rendered":"http:\/\/ameliepineau.fr\/?page_id=187"},"modified":"2019-09-11T14:21:55","modified_gmt":"2019-09-11T12:21:55","slug":"liens","status":"publish","type":"page","link":"https:\/\/ameliepineau.fr\/?page_id=187","title":{"rendered":"Liens"},"content":{"rendered":"<p><strong>Sites amis :<\/strong><\/p>\n<ul>\n<li><a href=\"http:\/\/eliselassalle.fr\/\">Elise Lassalle<\/a>, orthop\u00e9dagogue et sp\u00e9cialis\u00e9e dans l&rsquo;accompagnement des surdou\u00e9s<\/li>\n<li><a href=\"http:\/\/gestalt-bordeaux.org\/\">Val\u00e9rie Blin-Labb\u00e9<\/a>, Gestalt-th\u00e9rapeute<\/li>\n<li><a href=\"https:\/\/nicolebosc.wixsite.com\/gestalt\">Nicole Bosc<\/a>, Gestalt-th\u00e9rapeute<\/li>\n<li><a href=\"http:\/\/valerie-canitrot-psychologue.blogspot.fr\/\">Val\u00e9rie Canitrot<\/a>, psychologue et GT sur Toulouse et dans le Lot<\/li>\n<li><a href=\"https:\/\/www.atlantique-gestalt.com\/\">Nathalie Bill\u00e9<\/a>, Gestalt-th\u00e9rapeute<\/li>\n<\/ul>\n<p><strong>Sites institutionnels :<\/strong><\/p>\n<ul>\n<li><a href=\"http:\/\/www.gestalt-ifgt.com\/\">L&rsquo;institut fran\u00e7ais de Gestalt th\u00e9rapie<\/a><\/li>\n<li><a href=\"http:\/\/www.cegt.org\/\">Le coll\u00e8ge europ\u00e9en de Gestalt th\u00e9rapie<\/a><\/li>\n<li><a href=\"http:\/\/gestalt.nuxit.net\/Gestalt\/spip.php?rubrique3\">Enseignement de Gestalt th\u00e9rapie et de ph\u00e9nom\u00e9nologie<\/a><\/li>\n<li><a href=\"http:\/\/gestalt.nuxit.net\/Gestalt\/spip.php?rubrique2\">Edith Blanquet<\/a><\/li>\n<li><a href=\"http:\/\/www.sfg-gestalt.com\/\">La Soci\u00e9t\u00e9 fran\u00e7aise de Gestalt (SFG)<\/a><\/li>\n<\/ul>\n<p>&nbsp;<\/p>\n<p>&nbsp;<\/p>\n","protected":false},"excerpt":{"rendered":"<p>Sites amis : Elise Lassalle, orthop\u00e9dagogue et sp\u00e9cialis\u00e9e dans l&rsquo;accompagnement des surdou\u00e9s Val\u00e9rie Blin-Labb\u00e9, Gestalt-th\u00e9rapeute Nicole Bosc, Gestalt-th\u00e9rapeute Val\u00e9rie Canitrot, psychologue et GT sur Toulouse et dans le Lot Nathalie Bill\u00e9, Gestalt-th\u00e9rapeute Sites institutionnels : L&rsquo;institut fran\u00e7ais de Gestalt th\u00e9rapie Le coll\u00e8ge europ\u00e9en de Gestalt th\u00e9rapie Enseignement de Gestalt th\u00e9rapie et de ph\u00e9nom\u00e9nologie Edith Blanquet &hellip; <\/p>\n<p class=\"link-more\"><a href=\"https:\/\/ameliepineau.fr\/?page_id=187\" class=\"more-link\">Continuer la lecture<span class=\"screen-reader-text\"> de &laquo;&nbsp;Liens&nbsp;&raquo;<\/span><\/a><\/p>\n","protected":false},"author":1,"featured_media":123,"parent":82,"menu_order":1,"comment_status":"closed","ping_status":"closed","template":"","meta":{"footnotes":""},"class_list":["post-187","page","type-page","status-publish","has-post-thumbnail","hentry"],"_links":{"self":[{"href":"https:\/\/ameliepineau.fr\/index.php?rest_route=\/wp\/v2\/pages\/187","targetHints":{"allow":["GET"]}}],"collection":[{"href":"https:\/\/ameliepineau.fr\/index.php?rest_route=\/wp\/v2\/pages"}],"about":[{"href":"https:\/\/ameliepineau.fr\/index.php?rest_route=\/wp\/v2\/types\/page"}],"author":[{"embeddable":true,"href":"https:\/\/ameliepineau.fr\/index.php?rest_route=\/wp\/v2\/users\/1"}],"replies":[{"embeddable":true,"href":"https:\/\/ameliepineau.fr\/index.php?rest_route=%2Fwp%2Fv2%2Fcomments&post=187"}],"version-history":[{"count":4,"href":"https:\/\/ameliepineau.fr\/index.php?rest_route=\/wp\/v2\/pages\/187\/revisions"}],"predecessor-version":[{"id":199,"href":"https:\/\/ameliepineau.fr\/index.php?rest_route=\/wp\/v2\/pages\/187\/revisions\/199"}],"up":[{"embeddable":true,"href":"https:\/\/ameliepineau.fr\/index.php?rest_route=\/wp\/v2\/pages\/82"}],"wp:featuredmedia":[{"embeddable":true,"href":"https:\/\/ameliepineau.fr\/index.php?rest_route=\/wp\/v2\/media\/123"}],"wp:attachment":[{"href":"https:\/\/ameliepineau.fr\/index.php?rest_route=%2Fwp%2Fv2%2Fmedia&parent=187"}],"curies":[{"name":"wp","href":"https:\/\/api.w.org\/{rel}","templated":true}]}}